{"id":568,"date":"2025-07-25T17:02:55","date_gmt":"2025-07-25T15:02:55","guid":{"rendered":"https:\/\/app-8cdce3b4-0648-4cb7-88ce-37cff286a29e.cleverapps.io\/?page_id=568"},"modified":"2026-03-13T14:35:17","modified_gmt":"2026-03-13T13:35:17","slug":"my-subscriptions","status":"publish","type":"page","link":"https:\/\/delidej.com\/fr\/my-subscriptions\/","title":{"rendered":"Mes abonnements"},"content":{"rendered":"<div data-elementor-type=\"wp-page\" data-elementor-id=\"568\" class=\"elementor elementor-568\" data-elementor-post-type=\"page\">\n\t\t\t\t<div class=\"elementor-element elementor-element-737f6d1 e-flex e-con-boxed e-con e-parent\" data-id=\"737f6d1\" data-element_type=\"container\" data-e-type=\"container\">\n\t\t\t\t\t<div class=\"e-con-inner\">\n\t\t<div class=\"elementor-element elementor-element-8127c02 e-con-full e-flex e-con e-child\" data-id=\"8127c02\" data-element_type=\"container\" data-e-type=\"container\">\n\t\t<div class=\"elementor-element elementor-element-0ed7779 e-con-full e-flex e-con e-child\" data-id=\"0ed7779\" data-element_type=\"container\" data-e-type=\"container\">\n\t\t\t\t<div class=\"elementor-element elementor-element-2285f25 elementor-widget elementor-widget-heading\" data-id=\"2285f25\" data-element_type=\"widget\" data-e-type=\"widget\" data-widget_type=\"heading.default\">\n\t\t\t\t\t<h1 class=\"elementor-heading-title elementor-size-default\">Mes abonnements<\/h1>\t\t\t\t<\/div>\n\t\t\t\t<div class=\"elementor-element elementor-element-8e31c49 elementor-widget elementor-widget-text-editor\" data-id=\"8e31c49\" data-element_type=\"widget\" data-e-type=\"widget\" data-widget_type=\"text-editor.default\">\n\t\t\t\t\t\t\t\t\t<p>G\u00e9rer les d\u00e9tails de votre abonnement<\/p>\t\t\t\t\t\t\t\t<\/div>\n\t\t\t\t<\/div>\n\t\t\t\t<div class=\"elementor-element elementor-element-49e46e5 elementor-widget elementor-widget-shortcode\" data-id=\"49e46e5\" data-element_type=\"widget\" data-e-type=\"widget\" data-widget_type=\"shortcode.default\">\n\t\t\t\t\t\t\t<div class=\"elementor-shortcode\"><\/div>\n\t\t\t\t\t\t<\/div>\n\t\t\t\t<\/div>\n\t\t<div class=\"elementor-element elementor-element-2078b7c e-con-full e-flex e-con e-child\" data-id=\"2078b7c\" data-element_type=\"container\" data-e-type=\"container\">\n\t\t\t\t<div class=\"elementor-element elementor-element-d0cdda9 elementor-widget elementor-widget-shortcode\" data-id=\"d0cdda9\" data-element_type=\"widget\" data-e-type=\"widget\" data-widget_type=\"shortcode.default\">\n\t\t\t\t\t\t\t<div class=\"elementor-shortcode\"><p>Vous devez \u00eatre connect\u00e9 pour g\u00e9rer vos abonnements.<\/p><\/div>\n\t\t\t\t\t\t<\/div>\n\t\t\t\t<\/div>\n\t\t\t\t<div class=\"elementor-element elementor-element-8a736fd elementor-absolute elementor-widget elementor-widget-image\" data-id=\"8a736fd\" data-element_type=\"widget\" data-e-type=\"widget\" data-settings=\"{&quot;_position&quot;:&quot;absolute&quot;}\" data-widget_type=\"image.default\">\n\t\t\t\t\t\t\t\t\t\t\t\t\t\t\t<img decoding=\"async\" src=\"https:\/\/delidej.com\/wp-content\/uploads\/elementor\/thumbs\/yellow-icon1-rew2e2bf1xqoxzmusx2ci6ec5e4pj5ootzlgv2nk34.png\" title=\"yellow-icon1\" alt=\"yellow-icon1\" loading=\"lazy\" \/>\t\t\t\t\t\t\t\t\t\t\t\t\t\t\t<\/div>\n\t\t\t\t<div class=\"elementor-element elementor-element-70fa54d elementor-absolute elementor-widget elementor-widget-image\" data-id=\"70fa54d\" data-element_type=\"widget\" data-e-type=\"widget\" data-settings=\"{&quot;_position&quot;:&quot;absolute&quot;}\" data-widget_type=\"image.default\">\n\t\t\t\t\t\t\t\t\t\t\t\t\t\t\t<img decoding=\"async\" src=\"https:\/\/delidej.com\/wp-content\/uploads\/elementor\/thumbs\/yellow-icon2-rew2e3998rrz9llhnfgz2o5sqs02qusf648yccm69y.png\" title=\"yellow-icon2\" alt=\"yellow-icon2\" loading=\"lazy\" \/>\t\t\t\t\t\t\t\t\t\t\t\t\t\t\t<\/div>\n\t\t\t\t\t<\/div>\n\t\t\t\t<\/div>\n\t\t\t\t<\/div>","protected":false},"excerpt":{"rendered":"<p>My subscriptions Manage your plan details.<\/p>","protected":false},"author":2,"featured_media":0,"parent":0,"menu_order":22,"comment_status":"closed","ping_status":"closed","template":"","meta":{"footnotes":""},"class_list":["post-568","page","type-page","status-publish","hentry"],"_links":{"self":[{"href":"https:\/\/delidej.com\/fr\/wp-json\/wp\/v2\/pages\/568","targetHints":{"allow":["GET"]}}],"collection":[{"href":"https:\/\/delidej.com\/fr\/wp-json\/wp\/v2\/pages"}],"about":[{"href":"https:\/\/delidej.com\/fr\/wp-json\/wp\/v2\/types\/page"}],"author":[{"embeddable":true,"href":"https:\/\/delidej.com\/fr\/wp-json\/wp\/v2\/users\/2"}],"replies":[{"embeddable":true,"href":"https:\/\/delidej.com\/fr\/wp-json\/wp\/v2\/comments?post=568"}],"version-history":[{"count":106,"href":"https:\/\/delidej.com\/fr\/wp-json\/wp\/v2\/pages\/568\/revisions"}],"predecessor-version":[{"id":5151,"href":"https:\/\/delidej.com\/fr\/wp-json\/wp\/v2\/pages\/568\/revisions\/5151"}],"wp:attachment":[{"href":"https:\/\/delidej.com\/fr\/wp-json\/wp\/v2\/media?parent=568"}],"curies":[{"name":"wp","href":"https:\/\/api.w.org\/{rel}","templated":true}]}}