{"id":46,"date":"2025-07-17T16:46:04","date_gmt":"2025-07-17T14:46:04","guid":{"rendered":"https:\/\/app-8cdce3b4-0648-4cb7-88ce-37cff286a29e.cleverapps.io\/?page_id=46"},"modified":"2026-03-21T11:57:44","modified_gmt":"2026-03-21T10:57:44","slug":"faq","status":"publish","type":"page","link":"https:\/\/delidej.com\/fr\/faq\/","title":{"rendered":"FAQ"},"content":{"rendered":"<div data-elementor-type=\"wp-page\" data-elementor-id=\"46\" class=\"elementor elementor-46\" data-elementor-post-type=\"page\">\n\t\t\t\t<div class=\"elementor-element elementor-element-a42954a e-flex e-con-boxed e-con e-parent\" data-id=\"a42954a\" data-element_type=\"container\" data-e-type=\"container\" data-settings=\"{&quot;background_background&quot;:&quot;classic&quot;}\">\n\t\t\t\t\t<div class=\"e-con-inner\">\n\t\t<div class=\"elementor-element elementor-element-0e61332 e-con-full e-flex e-con e-child\" data-id=\"0e61332\" data-element_type=\"container\" data-e-type=\"container\">\n\t\t\t\t<div class=\"elementor-element elementor-element-344716f elementor-widget elementor-widget-html\" data-id=\"344716f\" data-element_type=\"widget\" data-e-type=\"widget\" data-widget_type=\"html.default\">\n\t\t\t\t\t<h1>FAQ<\/h1>\t\t\t\t<\/div>\n\t\t\t\t<div class=\"elementor-element elementor-element-b877c7d elementor-widget elementor-widget-image\" data-id=\"b877c7d\" data-element_type=\"widget\" data-e-type=\"widget\" data-widget_type=\"image.default\">\n\t\t\t\t\t\t\t\t\t\t\t\t\t\t\t<img decoding=\"async\" src=\"https:\/\/delidej.com\/wp-content\/uploads\/elementor\/thumbs\/icon-bg-rdhb5iczouxx880gtp8jdcty0v2msmtlis0srvfclq.png\" title=\"icon-bg\" alt=\"icon-bg\" loading=\"lazy\" \/>\t\t\t\t\t\t\t\t\t\t\t\t\t\t\t<\/div>\n\t\t\t\t<\/div>\n\t\t\t\t\t<\/div>\n\t\t\t\t<\/div>\n\t\t<div class=\"elementor-element elementor-element-44184dd e-flex e-con-boxed e-con e-parent\" data-id=\"44184dd\" data-element_type=\"container\" data-e-type=\"container\">\n\t\t\t\t\t<div class=\"e-con-inner\">\n\t\t\t\t<div class=\"elementor-element elementor-element-6af682c elementor-widget elementor-widget-shortcode\" data-id=\"6af682c\" data-element_type=\"widget\" data-e-type=\"widget\" data-widget_type=\"shortcode.default\">\n\t\t\t\t\t\t\t<div class=\"elementor-shortcode\"><div class=\"faq-grid\"><div class=\"faq-card\" onclick=\"location.href='https:\/\/delidej.com\/fr\/faq-category\/?faq_cat=lunchbox'\"><h3 class=\"faq-card-title\">Lunchbox<\/h3><p class=\"faq-card-count\">3 questions<\/p><\/div><div class=\"faq-card\" onclick=\"location.href='https:\/\/delidej.com\/fr\/faq-category\/?faq_cat=meals'\"><h3 class=\"faq-card-title\">Les repas<\/h3><p class=\"faq-card-count\">3 questions<\/p><\/div><div class=\"faq-card\" onclick=\"location.href='https:\/\/delidej.com\/fr\/faq-category\/?faq_cat=my-account'\"><h3 class=\"faq-card-title\">Mon compte<\/h3><p class=\"faq-card-count\">3 questions<\/p><\/div><div class=\"faq-card\" onclick=\"location.href='https:\/\/delidej.com\/fr\/faq-category\/?faq_cat=other-questions'\"><h3 class=\"faq-card-title\">Autres questions<\/h3><p class=\"faq-card-count\">3 questions<\/p><\/div><div class=\"faq-card\" onclick=\"location.href='https:\/\/delidej.com\/fr\/faq-category\/?faq_cat=snacking'\"><h3 class=\"faq-card-title\">Snacking<\/h3><p class=\"faq-card-count\">3 questions<\/p><\/div><div class=\"faq-card\" onclick=\"location.href='https:\/\/delidej.com\/fr\/faq-category\/?faq_cat=subscribe-order-occasionally'\"><h3 class=\"faq-card-title\">S'abonner - Commander ponctuellement<\/h3><p class=\"faq-card-count\">3 questions<\/p><\/div><div class=\"faq-card\" onclick=\"location.href='https:\/\/delidej.com\/fr\/faq-category\/?faq_cat=supervising'\"><h3 class=\"faq-card-title\">Surveillance<\/h3><p class=\"faq-card-count\">3 questions<\/p><\/div><\/div><\/div>\n\t\t\t\t\t\t<\/div>\n\t\t\t\t\t<\/div>\n\t\t\t\t<\/div>\n\t\t<div class=\"elementor-element elementor-element-54b472e6 e-flex e-con-boxed e-con e-parent\" data-id=\"54b472e6\" data-element_type=\"container\" data-e-type=\"container\" data-settings=\"{&quot;background_background&quot;:&quot;classic&quot;}\">\n\t\t\t\t\t<div class=\"e-con-inner\">\n\t\t<div class=\"elementor-element elementor-element-4a432d0d e-con-full e-flex e-con e-child\" data-id=\"4a432d0d\" data-element_type=\"container\" data-e-type=\"container\" data-settings=\"{&quot;background_background&quot;:&quot;classic&quot;}\">\n\t\t<div class=\"elementor-element elementor-element-524c137a e-con-full e-flex e-con e-child\" data-id=\"524c137a\" data-element_type=\"container\" data-e-type=\"container\">\n\t\t\t\t<div class=\"elementor-element elementor-element-b83305e elementor-widget elementor-widget-html\" data-id=\"b83305e\" data-element_type=\"widget\" data-e-type=\"widget\" data-widget_type=\"html.default\">\n\t\t\t\t\t<h2 class=\"translation-block\">Envoyer un <span>Message<\/span><\/h2>\t\t\t\t<\/div>\n\t\t\t\t<div class=\"elementor-element elementor-element-50aad34e elementor-widget elementor-widget-text-editor\" data-id=\"50aad34e\" data-element_type=\"widget\" data-e-type=\"widget\" data-widget_type=\"text-editor.default\">\n\t\t\t\t\t\t\t\t\t<p>Vous souhaitez en savoir plus ? Notre \u00e9quipe se fera un plaisir de r\u00e9pondre \u00e0 vos questions et de vous expliquer notre fonctionnement.<\/p>\t\t\t\t\t\t\t\t<\/div>\n\t\t\t\t<\/div>\n\t\t\t\t<div class=\"elementor-element elementor-element-3fd2bb38 elementor-widget elementor-widget-button\" data-id=\"3fd2bb38\" data-element_type=\"widget\" data-e-type=\"widget\" data-widget_type=\"button.default\">\n\t\t\t\t\t\t\t\t\t\t<a class=\"elementor-button elementor-button-link elementor-size-sm\" href=\"\/fr\/contact\/\">\n\t\t\t\t\t\t<span class=\"elementor-button-content-wrapper\">\n\t\t\t\t\t\t\t\t\t<span class=\"elementor-button-text\">Contactez-nous<\/span>\n\t\t\t\t\t<\/span>\n\t\t\t\t\t<\/a>\n\t\t\t\t\t\t\t\t<\/div>\n\t\t\t\t<\/div>\n\t\t\t\t\t<\/div>\n\t\t\t\t<\/div>\n\t\t\t\t<\/div>","protected":false},"excerpt":{"rendered":"<p>FAQ Send a Message Would you like to know more? Our team will be happy to answer your questions and explain how we operate. Contact us<\/p>","protected":false},"author":2,"featured_media":0,"parent":0,"menu_order":10,"comment_status":"closed","ping_status":"closed","template":"","meta":{"footnotes":""},"class_list":["post-46","page","type-page","status-publish","hentry"],"_links":{"self":[{"href":"https:\/\/delidej.com\/fr\/wp-json\/wp\/v2\/pages\/46","targetHints":{"allow":["GET"]}}],"collection":[{"href":"https:\/\/delidej.com\/fr\/wp-json\/wp\/v2\/pages"}],"about":[{"href":"https:\/\/delidej.com\/fr\/wp-json\/wp\/v2\/types\/page"}],"author":[{"embeddable":true,"href":"https:\/\/delidej.com\/fr\/wp-json\/wp\/v2\/users\/2"}],"replies":[{"embeddable":true,"href":"https:\/\/delidej.com\/fr\/wp-json\/wp\/v2\/comments?post=46"}],"version-history":[{"count":52,"href":"https:\/\/delidej.com\/fr\/wp-json\/wp\/v2\/pages\/46\/revisions"}],"predecessor-version":[{"id":5432,"href":"https:\/\/delidej.com\/fr\/wp-json\/wp\/v2\/pages\/46\/revisions\/5432"}],"wp:attachment":[{"href":"https:\/\/delidej.com\/fr\/wp-json\/wp\/v2\/media?parent=46"}],"curies":[{"name":"wp","href":"https:\/\/api.w.org\/{rel}","templated":true}]}}