{"id":36,"date":"2025-07-17T16:44:43","date_gmt":"2025-07-17T14:44:43","guid":{"rendered":"https:\/\/app-8cdce3b4-0648-4cb7-88ce-37cff286a29e.cleverapps.io\/?page_id=36"},"modified":"2026-03-25T09:46:36","modified_gmt":"2026-03-25T08:46:36","slug":"services-corner","status":"publish","type":"page","link":"https:\/\/delidej.com\/fr\/services-corner\/","title":{"rendered":"Services &#8211; Corner"},"content":{"rendered":"<div data-elementor-type=\"wp-page\" data-elementor-id=\"36\" class=\"elementor elementor-36\" data-elementor-post-type=\"page\">\n\t\t\t\t<div class=\"elementor-element elementor-element-714f07c e-flex e-con-boxed e-con e-parent\" data-id=\"714f07c\" data-element_type=\"container\" data-e-type=\"container\">\n\t\t\t\t\t<div class=\"e-con-inner\">\n\t\t<div class=\"elementor-element elementor-element-6b1fe947 green-round e-con-full e-flex e-con e-child\" data-id=\"6b1fe947\" data-element_type=\"container\" data-e-type=\"container\" data-settings=\"{&quot;position&quot;:&quot;absolute&quot;}\">\n\t\t\t\t<\/div>\n\t\t<div class=\"elementor-element elementor-element-2d22d6a1 e-con-full e-flex e-con e-child\" data-id=\"2d22d6a1\" data-element_type=\"container\" data-e-type=\"container\">\n\t\t<div class=\"elementor-element elementor-element-3a887a8 e-con-full e-flex e-con e-child\" data-id=\"3a887a8\" data-element_type=\"container\" data-e-type=\"container\">\n\t\t\t\t<div class=\"elementor-element elementor-element-7c4f69c elementor-widget elementor-widget-html\" data-id=\"7c4f69c\" data-element_type=\"widget\" data-e-type=\"widget\" data-widget_type=\"html.default\">\n\t\t\t\t\t<h1 class=\"translation-block\"><span>Le Corner DeliDej<\/span> : la libert\u00e9 des ados au <span>c\u0153ur du lyc\u00e9e<\/span><\/h1>\t\t\t\t<\/div>\n\t\t\t\t<div class=\"elementor-element elementor-element-331bbee elementor-widget elementor-widget-text-editor\" data-id=\"331bbee\" data-element_type=\"widget\" data-e-type=\"widget\" data-widget_type=\"text-editor.default\">\n\t\t\t\t\t\t\t\t\t<p class=\"translation-block\">Nous avons cr\u00e9\u00e9 un espace de restauration pour les adolescents, proposant des <strong>sandwichs<\/strong>, <strong>salades<\/strong>, <strong>snacks<\/strong>, <strong>fruits<\/strong> &amp; <strong>boissons<\/strong>, adapt\u00e9s \u00e0 leurs horaires et \u00e0 leurs go\u00fbts.<\/p>\t\t\t\t\t\t\t\t<\/div>\n\t\t\t\t<\/div>\n\t\t\t\t<div class=\"elementor-element elementor-element-72c19b58 elementor-widget elementor-widget-image\" data-id=\"72c19b58\" data-element_type=\"widget\" data-e-type=\"widget\" data-widget_type=\"image.default\">\n\t\t\t\t\t\t\t\t\t\t\t\t\t\t\t<img fetchpriority=\"high\" decoding=\"async\" width=\"800\" height=\"777\" src=\"https:\/\/delidej.com\/wp-content\/uploads\/2025\/10\/Group-9047-1024x994.png\" class=\"attachment-large size-large wp-image-1716\" alt=\"\" srcset=\"https:\/\/delidej.com\/wp-content\/uploads\/2025\/10\/Group-9047-1024x994.png 1024w, https:\/\/delidej.com\/wp-content\/uploads\/2025\/10\/Group-9047-300x291.png 300w, https:\/\/delidej.com\/wp-content\/uploads\/2025\/10\/Group-9047-768x746.png 768w, https:\/\/delidej.com\/wp-content\/uploads\/2025\/10\/Group-9047-12x12.png 12w, https:\/\/delidej.com\/wp-content\/uploads\/2025\/10\/Group-9047-600x582.png 600w, https:\/\/delidej.com\/wp-content\/uploads\/2025\/10\/Group-9047.png 1298w\" sizes=\"(max-width: 800px) 100vw, 800px\" \/>\t\t\t\t\t\t\t\t\t\t\t\t\t\t\t<\/div>\n\t\t\t\t<\/div>\n\t\t\t\t\t<\/div>\n\t\t\t\t<\/div>\n\t\t<div class=\"elementor-element elementor-element-2675bb20 e-flex e-con-boxed e-con e-parent\" data-id=\"2675bb20\" data-element_type=\"container\" data-e-type=\"container\">\n\t\t\t\t\t<div class=\"e-con-inner\">\n\t\t<div class=\"elementor-element elementor-element-45a1116 e-grid e-con-full e-con e-child\" data-id=\"45a1116\" data-element_type=\"container\" data-e-type=\"container\">\n\t\t\t\t<div class=\"elementor-element elementor-element-2f24267 elementor-widget elementor-widget-image\" data-id=\"2f24267\" data-element_type=\"widget\" data-e-type=\"widget\" data-widget_type=\"image.default\">\n\t\t\t\t\t\t\t\t\t\t\t\t\t\t\t<img decoding=\"async\" width=\"800\" height=\"573\" src=\"https:\/\/delidej.com\/wp-content\/uploads\/2026\/03\/sandwich-salad-corner-page-1024x733.png\" class=\"attachment-large size-large wp-image-4815\" alt=\"\" srcset=\"https:\/\/delidej.com\/wp-content\/uploads\/2026\/03\/sandwich-salad-corner-page-1024x733.png 1024w, https:\/\/delidej.com\/wp-content\/uploads\/2026\/03\/sandwich-salad-corner-page-300x215.png 300w, https:\/\/delidej.com\/wp-content\/uploads\/2026\/03\/sandwich-salad-corner-page-768x550.png 768w, https:\/\/delidej.com\/wp-content\/uploads\/2026\/03\/sandwich-salad-corner-page-1536x1100.png 1536w, https:\/\/delidej.com\/wp-content\/uploads\/2026\/03\/sandwich-salad-corner-page-2048x1467.png 2048w, https:\/\/delidej.com\/wp-content\/uploads\/2026\/03\/sandwich-salad-corner-page-18x12.png 18w, https:\/\/delidej.com\/wp-content\/uploads\/2026\/03\/sandwich-salad-corner-page-600x430.png 600w\" sizes=\"(max-width: 800px) 100vw, 800px\" \/>\t\t\t\t\t\t\t\t\t\t\t\t\t\t\t<\/div>\n\t\t<div class=\"elementor-element elementor-element-24bb521 e-con-full elementor-hidden-mobile e-flex e-con e-child\" data-id=\"24bb521\" data-element_type=\"container\" data-e-type=\"container\">\n\t\t\t\t<\/div>\n\t\t<div class=\"elementor-element elementor-element-ba5f3f6 e-con-full e-flex e-con e-child\" data-id=\"ba5f3f6\" data-element_type=\"container\" data-e-type=\"container\">\n\t\t\t\t<div class=\"elementor-element elementor-element-dbe76c7 subtitle elementor-widget elementor-widget-text-editor\" data-id=\"dbe76c7\" data-element_type=\"widget\" data-e-type=\"widget\" data-widget_type=\"text-editor.default\">\n\t\t\t\t\t\t\t\t\t<p>Menu<\/p>\t\t\t\t\t\t\t\t<\/div>\n\t\t\t\t<div class=\"elementor-element elementor-element-364bc4a1 elementor-widget elementor-widget-html\" data-id=\"364bc4a1\" data-element_type=\"widget\" data-e-type=\"widget\" data-widget_type=\"html.default\">\n\t\t\t\t\t<h2><span>Sandwichs<\/span>, Salades et Snacks\n<\/h2>\t\t\t\t<\/div>\n\t\t\t\t<div class=\"elementor-element elementor-element-7f210259 elementor-widget elementor-widget-text-editor\" data-id=\"7f210259\" data-element_type=\"widget\" data-e-type=\"widget\" data-widget_type=\"text-editor.default\">\n\t\t\t\t\t\t\t\t\t<p data-path-to-node=\"3\">Notre produit phare : le sandwich, pr\u00e9par\u00e9 avec une demi-baguette fra\u00eeche Campaillette de la boulangerie Galerne. Au menu \u00e9galement : paninis, tostis, tacos, quiches\u2026 avec toujours la possibilit\u00e9 de personnaliser.<\/p><p data-path-to-node=\"4\">La carte \u00e9volue au fil des saisons, avec par exemple des soupes, des salades ou des ramens. Et le plat du jour des abonn\u00e9s est toujours disponible.<\/p>\t\t\t\t\t\t\t\t<\/div>\n\t\t\t\t<\/div>\n\t\t\t\t<\/div>\n\t\t<div class=\"elementor-element elementor-element-6851018 e-con-full e-flex e-con e-child\" data-id=\"6851018\" data-element_type=\"container\" data-e-type=\"container\">\n\t\t<div class=\"elementor-element elementor-element-fd7e95f e-con-full e-flex e-con e-child\" data-id=\"fd7e95f\" data-element_type=\"container\" data-e-type=\"container\">\n\t\t<div class=\"elementor-element elementor-element-232e97f3 e-con-full e-flex e-con e-child\" data-id=\"232e97f3\" data-element_type=\"container\" data-e-type=\"container\" data-settings=\"{&quot;background_background&quot;:&quot;classic&quot;}\">\n\t\t\t\t<div class=\"elementor-element elementor-element-5c42c969 elementor-view-stacked elementor-shape-circle elementor-widget elementor-widget-icon\" data-id=\"5c42c969\" data-element_type=\"widget\" data-e-type=\"widget\" data-widget_type=\"icon.default\">\n\t\t\t\t\t\t\t<div class=\"elementor-icon-wrapper\">\n\t\t\t<div class=\"elementor-icon\">\n\t\t\t<svg aria-hidden=\"true\" class=\"e-font-icon-svg e-far-clock\" viewbox=\"0 0 512 512\" xmlns=\"http:\/\/www.w3.org\/2000\/svg\"><path d=\"M256 8C119 8 8 119 8 256s111 248 248 248 248-111 248-248S393 8 256 8zm0 448c-110.5 0-200-89.5-200-200S145.5 56 256 56s200 89.5 200 200-89.5 200-200 200zm61.8-104.4l-84.9-61.7c-3.1-2.3-4.9-5.9-4.9-9.7V116c0-6.6 5.4-12 12-12h32c6.6 0 12 5.4 12 12v141.7l66.8 48.6c5.4 3.9 6.5 11.4 2.6 16.8L334.6 349c-3.9 5.3-11.4 6.5-16.8 2.6z\"><\/path><\/svg>\t\t\t<\/div>\n\t\t<\/div>\n\t\t\t\t\t\t<\/div>\n\t\t<div class=\"elementor-element elementor-element-c7dcb88 e-con-full e-flex e-con e-child\" data-id=\"c7dcb88\" data-element_type=\"container\" data-e-type=\"container\">\n\t\t\t\t<div class=\"elementor-element elementor-element-2fc6e9bd elementor-widget elementor-widget-text-editor\" data-id=\"2fc6e9bd\" data-element_type=\"widget\" data-e-type=\"widget\" data-widget_type=\"text-editor.default\">\n\t\t\t\t\t\t\t\t\t<p>Quand ?<\/p>\t\t\t\t\t\t\t\t<\/div>\n\t\t\t\t<div class=\"elementor-element elementor-element-b63ca45 elementor-widget elementor-widget-text-editor\" data-id=\"b63ca45\" data-element_type=\"widget\" data-e-type=\"widget\" data-widget_type=\"text-editor.default\">\n\t\t\t\t\t\t\t\t\t<p>Ces points de vente sont ouvert durant la pause du matin et\/ou apr\u00e8s-midi. Et pendant la pause m\u00e9ridienne (voir horaires sur place).<\/p>\t\t\t\t\t\t\t\t<\/div>\n\t\t\t\t<\/div>\n\t\t\t\t<\/div>\n\t\t<div class=\"elementor-element elementor-element-c26a06e e-con-full e-flex e-con e-child\" data-id=\"c26a06e\" data-element_type=\"container\" data-e-type=\"container\" data-settings=\"{&quot;background_background&quot;:&quot;classic&quot;}\">\n\t\t\t\t<div class=\"elementor-element elementor-element-e792e00 elementor-view-stacked elementor-shape-circle elementor-widget elementor-widget-icon\" data-id=\"e792e00\" data-element_type=\"widget\" data-e-type=\"widget\" data-widget_type=\"icon.default\">\n\t\t\t\t\t\t\t<div class=\"elementor-icon-wrapper\">\n\t\t\t<div class=\"elementor-icon\">\n\t\t\t<svg aria-hidden=\"true\" class=\"e-font-icon-svg e-fas-credit-card\" viewbox=\"0 0 576 512\" xmlns=\"http:\/\/www.w3.org\/2000\/svg\"><path d=\"M0 432c0 26.5 21.5 48 48 48h480c26.5 0 48-21.5 48-48V256H0v176zm192-68c0-6.6 5.4-12 12-12h136c6.6 0 12 5.4 12 12v40c0 6.6-5.4 12-12 12H204c-6.6 0-12-5.4-12-12v-40zm-128 0c0-6.6 5.4-12 12-12h72c6.6 0 12 5.4 12 12v40c0 6.6-5.4 12-12 12H76c-6.6 0-12-5.4-12-12v-40zM576 80v48H0V80c0-26.5 21.5-48 48-48h480c26.5 0 48 21.5 48 48z\"><\/path><\/svg>\t\t\t<\/div>\n\t\t<\/div>\n\t\t\t\t\t\t<\/div>\n\t\t<div class=\"elementor-element elementor-element-fa1e31b e-con-full e-flex e-con e-child\" data-id=\"fa1e31b\" data-element_type=\"container\" data-e-type=\"container\">\n\t\t\t\t<div class=\"elementor-element elementor-element-4c2e92a elementor-widget elementor-widget-text-editor\" data-id=\"4c2e92a\" data-element_type=\"widget\" data-e-type=\"widget\" data-widget_type=\"text-editor.default\">\n\t\t\t\t\t\t\t\t\t<p>Comment payer ?<\/p>\t\t\t\t\t\t\t\t<\/div>\n\t\t\t\t<div class=\"elementor-element elementor-element-56c7a7c elementor-widget elementor-widget-text-editor\" data-id=\"56c7a7c\" data-element_type=\"widget\" data-e-type=\"widget\" data-widget_type=\"text-editor.default\">\n\t\t\t\t\t\t\t\t\t<p>En esp\u00e8ces ou carte bancaire \n(visa, Ideal, ...)<\/p>\t\t\t\t\t\t\t\t<\/div>\n\t\t\t\t<\/div>\n\t\t\t\t<\/div>\n\t\t\t\t<\/div>\n\t\t<div class=\"elementor-element elementor-element-7ce98c8 e-con-full e-flex e-con e-child\" data-id=\"7ce98c8\" data-element_type=\"container\" data-e-type=\"container\" data-settings=\"{&quot;background_background&quot;:&quot;classic&quot;}\">\n\t\t\t\t<div class=\"elementor-element elementor-element-68b8a0f elementor-view-stacked elementor-shape-circle elementor-widget elementor-widget-icon\" data-id=\"68b8a0f\" data-element_type=\"widget\" data-e-type=\"widget\" data-widget_type=\"icon.default\">\n\t\t\t\t\t\t\t<div class=\"elementor-icon-wrapper\">\n\t\t\t<div class=\"elementor-icon\">\n\t\t\t<svg aria-hidden=\"true\" class=\"e-font-icon-svg e-fab-readme\" viewbox=\"0 0 576 512\" xmlns=\"http:\/\/www.w3.org\/2000\/svg\"><path d=\"M528.3 46.5H388.5c-48.1 0-89.9 33.3-100.4 80.3-10.6-47-52.3-80.3-100.4-80.3H48c-26.5 0-48 21.5-48 48v245.8c0 26.5 21.5 48 48 48h89.7c102.2 0 132.7 24.4 147.3 75 .7 2.8 5.2 2.8 6 0 14.7-50.6 45.2-75 147.3-75H528c26.5 0 48-21.5 48-48V94.6c0-26.4-21.3-47.9-47.7-48.1zM242 311.9c0 1.9-1.5 3.5-3.5 3.5H78.2c-1.9 0-3.5-1.5-3.5-3.5V289c0-1.9 1.5-3.5 3.5-3.5h160.4c1.9 0 3.5 1.5 3.5 3.5v22.9zm0-60.9c0 1.9-1.5 3.5-3.5 3.5H78.2c-1.9 0-3.5-1.5-3.5-3.5v-22.9c0-1.9 1.5-3.5 3.5-3.5h160.4c1.9 0 3.5 1.5 3.5 3.5V251zm0-60.9c0 1.9-1.5 3.5-3.5 3.5H78.2c-1.9 0-3.5-1.5-3.5-3.5v-22.9c0-1.9 1.5-3.5 3.5-3.5h160.4c1.9 0 3.5 1.5 3.5 3.5v22.9zm259.3 121.7c0 1.9-1.5 3.5-3.5 3.5H337.5c-1.9 0-3.5-1.5-3.5-3.5v-22.9c0-1.9 1.5-3.5 3.5-3.5h160.4c1.9 0 3.5 1.5 3.5 3.5v22.9zm0-60.9c0 1.9-1.5 3.5-3.5 3.5H337.5c-1.9 0-3.5-1.5-3.5-3.5V228c0-1.9 1.5-3.5 3.5-3.5h160.4c1.9 0 3.5 1.5 3.5 3.5v22.9zm0-60.9c0 1.9-1.5 3.5-3.5 3.5H337.5c-1.9 0-3.5-1.5-3.5-3.5v-22.8c0-1.9 1.5-3.5 3.5-3.5h160.4c1.9 0 3.5 1.5 3.5 3.5V190z\"><\/path><\/svg>\t\t\t<\/div>\n\t\t<\/div>\n\t\t\t\t\t\t<\/div>\n\t\t<div class=\"elementor-element elementor-element-82004f2 e-con-full e-flex e-con e-child\" data-id=\"82004f2\" data-element_type=\"container\" data-e-type=\"container\">\n\t\t\t\t<div class=\"elementor-element elementor-element-ccf6d24 elementor-widget elementor-widget-text-editor\" data-id=\"ccf6d24\" data-element_type=\"widget\" data-e-type=\"widget\" data-widget_type=\"text-editor.default\">\n\t\t\t\t\t\t\t\t\t<p>Le menu<\/p>\t\t\t\t\t\t\t\t<\/div>\n\t\t\t\t<div class=\"elementor-element elementor-element-b6ef8bf elementor-widget elementor-widget-text-editor\" data-id=\"b6ef8bf\" data-element_type=\"widget\" data-e-type=\"widget\" data-widget_type=\"text-editor.default\">\n\t\t\t\t\t\t\t\t\t<p>Sandwichs, tostis, paninis, tacos mais aussi fruits, barres c\u00e9r\u00e9ales, pom\u2019potes et autres biscuits bretons. Venez d\u00e9couvrir sur place notre offre.<\/p>\t\t\t\t\t\t\t\t<\/div>\n\t\t\t\t<div class=\"elementor-element elementor-element-10660e7 elementor-widget elementor-widget-text-editor\" data-id=\"10660e7\" data-element_type=\"widget\" data-e-type=\"widget\" data-widget_type=\"text-editor.default\">\n\t\t\t\t\t\t\t\t\t<a href=\"\/fr\/corner-menus-visitors\/\">Voir nos menus<\/a>\t\t\t\t\t\t\t\t<\/div>\n\t\t\t\t<\/div>\n\t\t\t\t<\/div>\n\t\t\t\t<\/div>\n\t\t<div class=\"elementor-element elementor-element-7bb6e53 e-con-full e-flex e-con e-child\" data-id=\"7bb6e53\" data-element_type=\"container\" data-e-type=\"container\" data-settings=\"{&quot;background_background&quot;:&quot;classic&quot;}\">\n\t\t\t\t<div class=\"elementor-element elementor-element-1e48352 elementor-view-stacked elementor-shape-circle elementor-widget elementor-widget-icon\" data-id=\"1e48352\" data-element_type=\"widget\" data-e-type=\"widget\" data-widget_type=\"icon.default\">\n\t\t\t\t\t\t\t<div class=\"elementor-icon-wrapper\">\n\t\t\t<div class=\"elementor-icon\">\n\t\t\t<svg aria-hidden=\"true\" class=\"e-font-icon-svg e-fas-ticket-alt\" viewbox=\"0 0 576 512\" xmlns=\"http:\/\/www.w3.org\/2000\/svg\"><path d=\"M128 160h320v192H128V160zm400 96c0 26.51 21.49 48 48 48v96c0 26.51-21.49 48-48 48H48c-26.51 0-48-21.49-48-48v-96c26.51 0 48-21.49 48-48s-21.49-48-48-48v-96c0-26.51 21.49-48 48-48h480c26.51 0 48 21.49 48 48v96c-26.51 0-48 21.49-48 48zm-48-104c0-13.255-10.745-24-24-24H120c-13.255 0-24 10.745-24 24v208c0 13.255 10.745 24 24 24h336c13.255 0 24-10.745 24-24V152z\"><\/path><\/svg>\t\t\t<\/div>\n\t\t<\/div>\n\t\t\t\t\t\t<\/div>\n\t\t\t\t<div class=\"elementor-element elementor-element-791b29d elementor-widget elementor-widget-text-editor\" data-id=\"791b29d\" data-element_type=\"widget\" data-e-type=\"widget\" data-widget_type=\"text-editor.default\">\n\t\t\t\t\t\t\t\t\t<p>Dis you know ? : we have a Loyalty card: buy 10 sandwiches and get the 11th for free.<\/p>\t\t\t\t\t\t\t\t<\/div>\n\t\t\t\t<\/div>\n\t\t\t\t\t<\/div>\n\t\t\t\t<\/div>\n\t\t<div class=\"elementor-element elementor-element-3aed37c5 e-flex e-con-boxed e-con e-parent\" data-id=\"3aed37c5\" data-element_type=\"container\" data-e-type=\"container\" data-settings=\"{&quot;background_background&quot;:&quot;classic&quot;}\">\n\t\t\t\t\t<div class=\"e-con-inner\">\n\t\t<div class=\"elementor-element elementor-element-3bdf89a9 e-con-full e-flex e-con e-child\" data-id=\"3bdf89a9\" data-element_type=\"container\" data-e-type=\"container\" data-settings=\"{&quot;background_background&quot;:&quot;classic&quot;}\">\n\t\t<div class=\"elementor-element elementor-element-2a30acc2 e-con-full e-flex e-con e-child\" data-id=\"2a30acc2\" data-element_type=\"container\" data-e-type=\"container\">\n\t\t\t\t<div class=\"elementor-element elementor-element-15287b7f elementor-widget elementor-widget-html\" data-id=\"15287b7f\" data-element_type=\"widget\" data-e-type=\"widget\" data-widget_type=\"html.default\">\n\t\t\t\t\t<h2 class=\"translation-block\">Envoyer un <span>Message<\/span><\/h2>\t\t\t\t<\/div>\n\t\t\t\t<div class=\"elementor-element elementor-element-534c9b2f elementor-widget elementor-widget-text-editor\" data-id=\"534c9b2f\" data-element_type=\"widget\" data-e-type=\"widget\" data-widget_type=\"text-editor.default\">\n\t\t\t\t\t\t\t\t\t<p>Vous souhaitez en savoir plus ? Notre \u00e9quipe se fera un plaisir de r\u00e9pondre \u00e0 vos questions et de vous expliquer notre fonctionnement.<\/p>\t\t\t\t\t\t\t\t<\/div>\n\t\t\t\t<\/div>\n\t\t\t\t<div class=\"elementor-element elementor-element-72f77bf7 elementor-widget elementor-widget-button\" data-id=\"72f77bf7\" data-element_type=\"widget\" data-e-type=\"widget\" data-widget_type=\"button.default\">\n\t\t\t\t\t\t\t\t\t\t<a class=\"elementor-button elementor-button-link elementor-size-sm\" href=\"\/fr\/contact\/\">\n\t\t\t\t\t\t<span class=\"elementor-button-content-wrapper\">\n\t\t\t\t\t\t\t\t\t<span class=\"elementor-button-text\">Contactez-nous<\/span>\n\t\t\t\t\t<\/span>\n\t\t\t\t\t<\/a>\n\t\t\t\t\t\t\t\t<\/div>\n\t\t\t\t<\/div>\n\t\t\t\t\t<\/div>\n\t\t\t\t<\/div>\n\t\t\t\t<\/div>","protected":false},"excerpt":{"rendered":"<p>The Corner DeliDej: Teenagers\u2019 freedom at the heart of the school We have created a dining area for teenagers, offering sandwiches, salads, snacks, fruit &amp; drinks, tailored to their schedules and preferences. Menu Sandwiches, Salads and Snacks Our flagship product: the sandwich, prepared with a fresh &#8220;Campaillette&#8221; half-baguette from the Galerne bakery. Also on the [&hellip;]<\/p>\n","protected":false},"author":2,"featured_media":0,"parent":0,"menu_order":3,"comment_status":"closed","ping_status":"closed","template":"","meta":{"footnotes":""},"class_list":["post-36","page","type-page","status-publish","hentry"],"_links":{"self":[{"href":"https:\/\/delidej.com\/fr\/wp-json\/wp\/v2\/pages\/36","targetHints":{"allow":["GET"]}}],"collection":[{"href":"https:\/\/delidej.com\/fr\/wp-json\/wp\/v2\/pages"}],"about":[{"href":"https:\/\/delidej.com\/fr\/wp-json\/wp\/v2\/types\/page"}],"author":[{"embeddable":true,"href":"https:\/\/delidej.com\/fr\/wp-json\/wp\/v2\/users\/2"}],"replies":[{"embeddable":true,"href":"https:\/\/delidej.com\/fr\/wp-json\/wp\/v2\/comments?post=36"}],"version-history":[{"count":124,"href":"https:\/\/delidej.com\/fr\/wp-json\/wp\/v2\/pages\/36\/revisions"}],"predecessor-version":[{"id":5519,"href":"https:\/\/delidej.com\/fr\/wp-json\/wp\/v2\/pages\/36\/revisions\/5519"}],"wp:attachment":[{"href":"https:\/\/delidej.com\/fr\/wp-json\/wp\/v2\/media?parent=36"}],"curies":[{"name":"wp","href":"https:\/\/api.w.org\/{rel}","templated":true}]}}