{"id":1840,"date":"2025-10-20T13:59:05","date_gmt":"2025-10-20T11:59:05","guid":{"rendered":"https:\/\/app-8cdce3b4-0648-4cb7-88ce-37cff286a29e.cleverapps.io\/?page_id=1840"},"modified":"2026-03-21T11:57:56","modified_gmt":"2026-03-21T10:57:56","slug":"faq-category","status":"publish","type":"page","link":"https:\/\/delidej.com\/fr\/faq-category\/","title":{"rendered":"FAQ Category"},"content":{"rendered":"<div data-elementor-type=\"wp-page\" data-elementor-id=\"1840\" class=\"elementor elementor-1840\" data-elementor-post-type=\"page\">\n\t\t\t\t<div class=\"elementor-element elementor-element-bfd68d9 e-flex e-con-boxed e-con e-parent\" data-id=\"bfd68d9\" data-element_type=\"container\" data-e-type=\"container\" data-settings=\"{&quot;background_background&quot;:&quot;classic&quot;}\">\n\t\t\t\t\t<div class=\"e-con-inner\">\n\t\t<div class=\"elementor-element elementor-element-72bf6c0a e-con-full e-flex e-con e-child\" data-id=\"72bf6c0a\" data-element_type=\"container\" data-e-type=\"container\">\n\t\t\t\t<div class=\"elementor-element elementor-element-267c7d4b elementor-widget elementor-widget-html\" data-id=\"267c7d4b\" data-element_type=\"widget\" data-e-type=\"widget\" data-widget_type=\"html.default\">\n\t\t\t\t\t<h1>FAQ<\/h1>\t\t\t\t<\/div>\n\t\t\t\t<div class=\"elementor-element elementor-element-7cac1988 elementor-widget elementor-widget-image\" data-id=\"7cac1988\" data-element_type=\"widget\" data-e-type=\"widget\" data-widget_type=\"image.default\">\n\t\t\t\t\t\t\t\t\t\t\t\t\t\t\t<img decoding=\"async\" src=\"https:\/\/delidej.com\/wp-content\/uploads\/elementor\/thumbs\/icon-bg-rdhb5iczouxx880gtp8jdcty0v2msmtlis0srvfclq.png\" title=\"icon-bg\" alt=\"icon-bg\" loading=\"lazy\" \/>\t\t\t\t\t\t\t\t\t\t\t\t\t\t\t<\/div>\n\t\t\t\t<\/div>\n\t\t\t\t\t<\/div>\n\t\t\t\t<\/div>\n\t\t<div class=\"elementor-element elementor-element-b4c1c9a e-flex e-con-boxed e-con e-parent\" data-id=\"b4c1c9a\" data-element_type=\"container\" data-e-type=\"container\">\n\t\t\t\t\t<div class=\"e-con-inner\">\n\t\t\t\t<div class=\"elementor-element elementor-element-58d96fb elementor-widget elementor-widget-text-editor\" data-id=\"58d96fb\" data-element_type=\"widget\" data-e-type=\"widget\" data-widget_type=\"text-editor.default\">\n\t\t\t\t\t\t\t\t\t<a class=\"custom-link\" href=\"\/fr\/faq\/\">&lt; Retour \u00e0 la liste des cat\u00e9gories<\/a>\t\t\t\t\t\t\t\t<\/div>\n\t\t\t\t<div class=\"elementor-element elementor-element-dc3367b elementor-widget elementor-widget-shortcode\" data-id=\"dc3367b\" data-element_type=\"widget\" data-e-type=\"widget\" data-widget_type=\"shortcode.default\">\n\t\t\t\t\t\t\t<div class=\"elementor-shortcode\"><p>Aucune cat\u00e9gorie sp\u00e9cifi\u00e9e.<\/p><\/div>\n\t\t\t\t\t\t<\/div>\n\t\t\t\t\t<\/div>\n\t\t\t\t<\/div>\n\t\t<div class=\"elementor-element elementor-element-7f7a0db5 e-flex e-con-boxed e-con e-parent\" data-id=\"7f7a0db5\" data-element_type=\"container\" data-e-type=\"container\" data-settings=\"{&quot;background_background&quot;:&quot;classic&quot;}\">\n\t\t\t\t\t<div class=\"e-con-inner\">\n\t\t<div class=\"elementor-element elementor-element-505eac77 e-con-full e-flex e-con e-child\" data-id=\"505eac77\" data-element_type=\"container\" data-e-type=\"container\" data-settings=\"{&quot;background_background&quot;:&quot;classic&quot;}\">\n\t\t<div class=\"elementor-element elementor-element-4645ef74 e-con-full e-flex e-con e-child\" data-id=\"4645ef74\" data-element_type=\"container\" data-e-type=\"container\">\n\t\t\t\t<div class=\"elementor-element elementor-element-5f95f1fa elementor-widget elementor-widget-html\" data-id=\"5f95f1fa\" data-element_type=\"widget\" data-e-type=\"widget\" data-widget_type=\"html.default\">\n\t\t\t\t\t<h2 class=\"translation-block\">Envoyer un <span>Message<\/span><\/h2>\t\t\t\t<\/div>\n\t\t\t\t<div class=\"elementor-element elementor-element-73263597 elementor-widget elementor-widget-text-editor\" data-id=\"73263597\" data-element_type=\"widget\" data-e-type=\"widget\" data-widget_type=\"text-editor.default\">\n\t\t\t\t\t\t\t\t\t<p>Vous souhaitez en savoir plus ? Notre \u00e9quipe se fera un plaisir de r\u00e9pondre \u00e0 vos questions et de vous expliquer notre fonctionnement.<\/p>\t\t\t\t\t\t\t\t<\/div>\n\t\t\t\t<\/div>\n\t\t\t\t<div class=\"elementor-element elementor-element-58608976 elementor-widget elementor-widget-button\" data-id=\"58608976\" data-element_type=\"widget\" data-e-type=\"widget\" data-widget_type=\"button.default\">\n\t\t\t\t\t\t\t\t\t\t<a class=\"elementor-button elementor-button-link elementor-size-sm\" href=\"\/fr\/contact\/\">\n\t\t\t\t\t\t<span class=\"elementor-button-content-wrapper\">\n\t\t\t\t\t\t\t\t\t<span class=\"elementor-button-text\">Contactez-nous<\/span>\n\t\t\t\t\t<\/span>\n\t\t\t\t\t<\/a>\n\t\t\t\t\t\t\t\t<\/div>\n\t\t\t\t<\/div>\n\t\t\t\t\t<\/div>\n\t\t\t\t<\/div>\n\t\t\t\t<\/div>","protected":false},"excerpt":{"rendered":"<p>FAQ < Back to category list Send a Message Would you like to know more? Our team will be happy to answer your questions and explain how we operate. Contact us\n<\/p>","protected":false},"author":2,"featured_media":0,"parent":0,"menu_order":11,"comment_status":"closed","ping_status":"closed","template":"","meta":{"footnotes":""},"class_list":["post-1840","page","type-page","status-publish","hentry"],"_links":{"self":[{"href":"https:\/\/delidej.com\/fr\/wp-json\/wp\/v2\/pages\/1840","targetHints":{"allow":["GET"]}}],"collection":[{"href":"https:\/\/delidej.com\/fr\/wp-json\/wp\/v2\/pages"}],"about":[{"href":"https:\/\/delidej.com\/fr\/wp-json\/wp\/v2\/types\/page"}],"author":[{"embeddable":true,"href":"https:\/\/delidej.com\/fr\/wp-json\/wp\/v2\/users\/2"}],"replies":[{"embeddable":true,"href":"https:\/\/delidej.com\/fr\/wp-json\/wp\/v2\/comments?post=1840"}],"version-history":[{"count":40,"href":"https:\/\/delidej.com\/fr\/wp-json\/wp\/v2\/pages\/1840\/revisions"}],"predecessor-version":[{"id":5435,"href":"https:\/\/delidej.com\/fr\/wp-json\/wp\/v2\/pages\/1840\/revisions\/5435"}],"wp:attachment":[{"href":"https:\/\/delidej.com\/fr\/wp-json\/wp\/v2\/media?parent=1840"}],"curies":[{"name":"wp","href":"https:\/\/api.w.org\/{rel}","templated":true}]}}