{"id":160,"date":"2025-07-21T17:52:55","date_gmt":"2025-07-21T15:52:55","guid":{"rendered":"https:\/\/app-8cdce3b4-0648-4cb7-88ce-37cff286a29e.cleverapps.io\/my-account\/"},"modified":"2026-03-25T16:43:34","modified_gmt":"2026-03-25T15:43:34","slug":"dashboard","status":"publish","type":"page","link":"https:\/\/delidej.com\/fr\/dashboard\/","title":{"rendered":"Tableau de bord"},"content":{"rendered":"<div data-elementor-type=\"wp-page\" data-elementor-id=\"160\" class=\"elementor elementor-160\" data-elementor-post-type=\"page\">\n\t\t\t\t<div class=\"elementor-element elementor-element-0fdd39d e-flex e-con-boxed e-con e-parent\" data-id=\"0fdd39d\" data-element_type=\"container\" data-e-type=\"container\">\n\t\t\t\t\t<div class=\"e-con-inner\">\n\t\t<div class=\"elementor-element elementor-element-71255d1 e-con-full e-flex e-con e-child\" data-id=\"71255d1\" data-element_type=\"container\" data-e-type=\"container\">\n\t\t\t\t<div class=\"elementor-element elementor-element-89de90a elementor-widget elementor-widget-heading\" data-id=\"89de90a\" data-element_type=\"widget\" data-e-type=\"widget\" data-widget_type=\"heading.default\">\n\t\t\t\t\t<h1 class=\"elementor-heading-title elementor-size-default\">Salut<\/h1>\t\t\t\t<\/div>\n\t\t\t\t<\/div>\n\t\t<div class=\"elementor-element elementor-element-182e1c1 e-con-full e-flex e-con e-child\" data-id=\"182e1c1\" data-element_type=\"container\" data-e-type=\"container\">\n\t\t\t\t<div class=\"elementor-element elementor-element-43e8a5e elementor-widget elementor-widget-text-editor\" data-id=\"43e8a5e\" data-element_type=\"widget\" data-e-type=\"widget\" data-widget_type=\"text-editor.default\">\n\t\t\t\t\t\t\t\t\t<p>Ta famille, tes abonnements et tes lunchbox au m\u00eame endroit.<\/p>\t\t\t\t\t\t\t\t<\/div>\n\t\t\t\t<div class=\"elementor-element elementor-element-aecd6ce elementor-widget elementor-widget-text-editor\" data-id=\"aecd6ce\" data-element_type=\"widget\" data-e-type=\"widget\" data-widget_type=\"text-editor.default\">\n\t\t\t\t\t\t\t\t\tRead more about: <a href=\"\/fr\/services-lunchbox\/\" target=\"_blank\" rel=\"noopener\">Lunchbox<\/a>\uff5c<a href=\"\/fr\/services-surveillance\/\" target=\"_blank\" rel=\"noopener\">La surveillance du midi<\/a>\t\t\t\t\t\t\t\t<\/div>\n\t\t\t\t<\/div>\n\t\t<div class=\"elementor-element elementor-element-d0d9d26 e-grid e-con-full e-con e-child\" data-id=\"d0d9d26\" data-element_type=\"container\" data-e-type=\"container\">\n\t\t<div class=\"elementor-element elementor-element-6e163e6 e-con-full e-flex e-con e-child\" data-id=\"6e163e6\" data-element_type=\"container\" data-e-type=\"container\">\n\t\t<div class=\"elementor-element elementor-element-fd49045 e-con-full e-flex e-con e-child\" data-id=\"fd49045\" data-element_type=\"container\" data-e-type=\"container\" id=\"surveillance-area-dashboard\" data-settings=\"{&quot;background_background&quot;:&quot;classic&quot;}\">\n\t\t\t\t<div class=\"elementor-element elementor-element-e4c4309 elementor-widget elementor-widget-text-editor\" data-id=\"e4c4309\" data-element_type=\"widget\" data-e-type=\"widget\" data-widget_type=\"text-editor.default\">\n\t\t\t\t\t\t\t\t\t<p>La surveillance du midi<\/p>\t\t\t\t\t\t\t\t<\/div>\n\t\t\t\t<div class=\"elementor-element elementor-element-f8a4148 elementor-widget elementor-widget-shortcode\" data-id=\"f8a4148\" data-element_type=\"widget\" data-e-type=\"widget\" data-widget_type=\"shortcode.default\">\n\t\t\t\t\t\t\t<div class=\"elementor-shortcode\"><div id=\"surveillance-dashboard-wrapper\"><\/div><\/div>\n\t\t\t\t\t\t<\/div>\n\t\t\t\t<\/div>\n\t\t<div class=\"elementor-element elementor-element-be63e16 e-con-full e-flex e-con e-child\" data-id=\"be63e16\" data-element_type=\"container\" data-e-type=\"container\" data-settings=\"{&quot;background_background&quot;:&quot;classic&quot;}\">\n\t\t<div class=\"elementor-element elementor-element-a3bf618 e-con-full e-flex e-con e-child\" data-id=\"a3bf618\" data-element_type=\"container\" data-e-type=\"container\">\n\t\t\t\t<div class=\"elementor-element elementor-element-407d917 elementor-widget elementor-widget-text-editor\" data-id=\"407d917\" data-element_type=\"widget\" data-e-type=\"widget\" data-widget_type=\"text-editor.default\">\n\t\t\t\t\t\t\t\t\t<p>Abonnements<\/p>\t\t\t\t\t\t\t\t<\/div>\n\t\t\t\t<div class=\"elementor-element elementor-element-8e1e40e elementor-widget elementor-widget-shortcode\" data-id=\"8e1e40e\" data-element_type=\"widget\" data-e-type=\"widget\" data-widget_type=\"shortcode.default\">\n\t\t\t\t\t\t\t<div class=\"elementor-shortcode\"><div class=\"subscription-actions\">\r\n    <a href=\"\/fr\/produit\/lunchbox-subscription\/\" class=\"custom-link\">\r\n        <svg xmlns=\"http:\/\/www.w3.org\/2000\/svg\" viewbox=\"0 0 640 640\">\r\n            <path\r\n                d=\"M352 128C352 110.3 337.7 96 320 96C302.3 96 288 110.3 288 128L288 288L128 288C110.3 288 96 302.3 96 320C96 337.7 110.3 352 128 352L288 352L288 512C288 529.7 302.3 544 320 544C337.7 544 352 529.7 352 512L352 352L512 352C529.7 352 544 337.7 544 320C544 302.3 529.7 288 512 288L352 288L352 128z\" \/>\r\n        <\/svg>\r\n        Ajouter un abonnement\r\n    <\/a>\r\n    <\/div>\r\n<\/div>\n\t\t\t\t\t\t<\/div>\n\t\t\t\t<\/div>\n\t\t\t\t<div class=\"elementor-element elementor-element-48b651d elementor-widget elementor-widget-shortcode\" data-id=\"48b651d\" data-element_type=\"widget\" data-e-type=\"widget\" data-widget_type=\"shortcode.default\">\n\t\t\t\t\t\t\t<div class=\"elementor-shortcode\"><div id=\"lunchbox-dashboard-wrapper\"><p style=\"font-size: 16px;\">Veuillez ajouter un enfant pour vous abonner.<\/p><\/div><\/div>\n\t\t\t\t\t\t<\/div>\n\t\t\t\t<\/div>\n\t\t<div class=\"elementor-element elementor-element-f94f1af e-con-full e-flex e-con e-child\" data-id=\"f94f1af\" data-element_type=\"container\" data-e-type=\"container\" data-settings=\"{&quot;background_background&quot;:&quot;classic&quot;}\">\n\t\t<div class=\"elementor-element elementor-element-beb8289 e-con-full e-flex e-con e-child\" data-id=\"beb8289\" data-element_type=\"container\" data-e-type=\"container\">\n\t\t\t\t<div class=\"elementor-element elementor-element-f201a11 elementor-widget elementor-widget-text-editor\" data-id=\"f201a11\" data-element_type=\"widget\" data-e-type=\"widget\" data-widget_type=\"text-editor.default\">\n\t\t\t\t\t\t\t\t\t<p>Commandes ponctuelles<\/p>\t\t\t\t\t\t\t\t<\/div>\n\t\t\t\t<div class=\"elementor-element elementor-element-d1122a3 elementor-widget elementor-widget-shortcode\" data-id=\"d1122a3\" data-element_type=\"widget\" data-e-type=\"widget\" data-widget_type=\"shortcode.default\">\n\t\t\t\t\t\t\t<div class=\"elementor-shortcode\"><div class=\"subscription-actions\">\r\n    <a href=\"https:\/\/delidej.com\/fr\/produit\/lunchbox-single-order\/\" class=\"custom-link\">\r\n        <svg xmlns=\"http:\/\/www.w3.org\/2000\/svg\" viewbox=\"0 0 640 640\">\r\n            <path\r\n                d=\"M352 128C352 110.3 337.7 96 320 96C302.3 96 288 110.3 288 128L288 288L128 288C110.3 288 96 302.3 96 320C96 337.7 110.3 352 128 352L288 352L288 512C288 529.7 302.3 544 320 544C337.7 544 352 529.7 352 512L352 352L512 352C529.7 352 544 337.7 544 320C544 302.3 529.7 288 512 288L352 288L352 128z\" \/>\r\n        <\/svg>\r\n        Passer une nouvelle commande\r\n    <\/a>\r\n<\/div>\r\n<\/div>\n\t\t\t\t\t\t<\/div>\n\t\t\t\t<\/div>\n\t\t\t\t<div class=\"elementor-element elementor-element-6896bf3 elementor-widget elementor-widget-shortcode\" data-id=\"6896bf3\" data-element_type=\"widget\" data-e-type=\"widget\" data-widget_type=\"shortcode.default\">\n\t\t\t\t\t\t\t<div class=\"elementor-shortcode\"><div id=\"lb-onetime-dashboard-wrapper\"><p>Please log in to view your single orders.<\/p><\/div><\/div>\n\t\t\t\t\t\t<\/div>\n\t\t\t\t<\/div>\n\t\t\t\t<\/div>\n\t\t<div class=\"elementor-element elementor-element-2ead78c e-con-full e-flex e-con e-child\" data-id=\"2ead78c\" data-element_type=\"container\" data-e-type=\"container\" data-settings=\"{&quot;background_background&quot;:&quot;classic&quot;}\">\n\t\t\t\t<div class=\"elementor-element elementor-element-40d7cb6 elementor-widget elementor-widget-text-editor\" data-id=\"40d7cb6\" data-element_type=\"widget\" data-e-type=\"widget\" data-widget_type=\"text-editor.default\">\n\t\t\t\t\t\t\t\t\t<p>Ma famille<\/p>\t\t\t\t\t\t\t\t<\/div>\n\t\t\t\t<div class=\"elementor-element elementor-element-d356a63 elementor-widget elementor-widget-shortcode\" data-id=\"d356a63\" data-element_type=\"widget\" data-e-type=\"widget\" data-widget_type=\"shortcode.default\">\n\t\t\t\t\t\t\t<div class=\"elementor-shortcode\"><p>Vous devez \u00eatre connect\u00e9 pour g\u00e9rer vos enfants.<\/p><\/div>\n\t\t\t\t\t\t<\/div>\n\t\t\t\t<div class=\"elementor-element elementor-element-4956f6a elementor-align-justify btn-add-child elementor-button-info elementor-widget elementor-widget-button\" data-id=\"4956f6a\" data-element_type=\"widget\" data-e-type=\"widget\" data-widget_type=\"button.default\">\n\t\t\t\t\t\t\t\t\t\t<a class=\"elementor-button elementor-size-sm\" role=\"button\">\n\t\t\t\t\t\t<span class=\"elementor-button-content-wrapper\">\n\t\t\t\t\t\t<span class=\"elementor-button-icon\">\n\t\t\t\t<svg aria-hidden=\"true\" class=\"e-font-icon-svg e-fas-plus\" viewbox=\"0 0 448 512\" xmlns=\"http:\/\/www.w3.org\/2000\/svg\"><path d=\"M416 208H272V64c0-17.67-14.33-32-32-32h-32c-17.67 0-32 14.33-32 32v144H32c-17.67 0-32 14.33-32 32v32c0 17.67 14.33 32 32 32h144v144c0 17.67 14.33 32 32 32h32c17.67 0 32-14.33 32-32V304h144c17.67 0 32-14.33 32-32v-32c0-17.67-14.33-32-32-32z\"><\/path><\/svg>\t\t\t<\/span>\n\t\t\t\t\t\t\t\t\t<span class=\"elementor-button-text\">Ajouter un enfant<\/span>\n\t\t\t\t\t<\/span>\n\t\t\t\t\t<\/a>\n\t\t\t\t\t\t\t\t<\/div>\n\t\t\t\t<\/div>\n\t\t\t\t<\/div>\n\t\t\t\t<div class=\"elementor-element elementor-element-d3c0a01 elementor-absolute elementor-widget elementor-widget-image\" data-id=\"d3c0a01\" data-element_type=\"widget\" data-e-type=\"widget\" data-settings=\"{&quot;_position&quot;:&quot;absolute&quot;}\" data-widget_type=\"image.default\">\n\t\t\t\t\t\t\t\t\t\t\t\t\t\t\t<img decoding=\"async\" src=\"https:\/\/delidej.com\/wp-content\/uploads\/elementor\/thumbs\/yellow-icon1-rew2e2bf1xqoxzmusx2ci6ec5e4pj5ootzlgv2nk34.png?wsr\" title=\"yellow-icon1\" alt=\"yellow-icon1\" loading=\"lazy\" \/>\t\t\t\t\t\t\t\t\t\t\t\t\t\t\t<\/div>\n\t\t\t\t<div class=\"elementor-element elementor-element-9deef04 elementor-absolute elementor-widget elementor-widget-image\" data-id=\"9deef04\" data-element_type=\"widget\" data-e-type=\"widget\" data-settings=\"{&quot;_position&quot;:&quot;absolute&quot;}\" data-widget_type=\"image.default\">\n\t\t\t\t\t\t\t\t\t\t\t\t\t\t\t<img decoding=\"async\" src=\"https:\/\/delidej.com\/wp-content\/uploads\/elementor\/thumbs\/yellow-icon2-rew2e3998rrz9llhnfgz2o5sqs02qusf648yccm69y.png?wsr\" title=\"yellow-icon2\" alt=\"yellow-icon2\" loading=\"lazy\" \/>\t\t\t\t\t\t\t\t\t\t\t\t\t\t\t<\/div>\n\t\t\t\t\t<\/div>\n\t\t\t\t<\/div>\n\t\t\t\t<\/div>","protected":false},"excerpt":{"rendered":"<p>Hello Your family, your subscriptions and your lunchboxes all in one place. Read more about: Lunchbox\uff5cLunch Break Supervision Lunch break supervision Subscriptions Single order My family Add child<\/p>","protected":false},"author":45,"featured_media":0,"parent":0,"menu_order":21,"comment_status":"closed","ping_status":"closed","template":"","meta":{"footnotes":""},"class_list":["post-160","page","type-page","status-publish","hentry"],"_links":{"self":[{"href":"https:\/\/delidej.com\/fr\/wp-json\/wp\/v2\/pages\/160","targetHints":{"allow":["GET"]}}],"collection":[{"href":"https:\/\/delidej.com\/fr\/wp-json\/wp\/v2\/pages"}],"about":[{"href":"https:\/\/delidej.com\/fr\/wp-json\/wp\/v2\/types\/page"}],"author":[{"embeddable":true,"href":"https:\/\/delidej.com\/fr\/wp-json\/wp\/v2\/users\/45"}],"replies":[{"embeddable":true,"href":"https:\/\/delidej.com\/fr\/wp-json\/wp\/v2\/comments?post=160"}],"version-history":[{"count":269,"href":"https:\/\/delidej.com\/fr\/wp-json\/wp\/v2\/pages\/160\/revisions"}],"predecessor-version":[{"id":5638,"href":"https:\/\/delidej.com\/fr\/wp-json\/wp\/v2\/pages\/160\/revisions\/5638"}],"wp:attachment":[{"href":"https:\/\/delidej.com\/fr\/wp-json\/wp\/v2\/media?parent=160"}],"curies":[{"name":"wp","href":"https:\/\/api.w.org\/{rel}","templated":true}]}}